{"id":11685,"date":"2021-09-24T13:05:22","date_gmt":"2021-09-24T17:05:22","guid":{"rendered":"https:\/\/www.caoms.com\/confidentialite\/"},"modified":"2021-09-27T09:42:15","modified_gmt":"2021-09-27T13:42:15","slug":"confidentialite","status":"publish","type":"page","link":"https:\/\/www.caoms.com\/fr\/confidentialite\/","title":{"rendered":"Confidentialit\u00e9"},"content":{"rendered":"\t\t<div data-elementor-type=\"wp-page\" data-elementor-id=\"11685\" class=\"elementor elementor-11685 elementor-11684\" data-elementor-post-type=\"page\">\n\t\t\t\t\t\t<section data-dce-background-color=\"#192465\" data-dce-background-overlay-image-url=\"https:\/\/www.caoms.com\/wp-content\/uploads\/2021\/08\/CAOMS-Logo-Pure-White.svg\" class=\"elementor-section elementor-top-section elementor-element elementor-element-48ead95 elementor-section-stretched elementor-section-height-min-height elementor-section-content-middle elementor-section-boxed elementor-section-height-default elementor-section-items-middle\" data-id=\"48ead95\" data-element_type=\"section\" data-e-type=\"section\" data-settings=\"{&quot;jet_parallax_layout_list&quot;:[{&quot;jet_parallax_layout_image&quot;:{&quot;url&quot;:&quot;&quot;,&quot;id&quot;:&quot;&quot;,&quot;size&quot;:&quot;&quot;},&quot;_id&quot;:&quot;f87d51d&quot;,&quot;jet_parallax_layout_image_tablet&quot;:{&quot;url&quot;:&quot;&quot;,&quot;id&quot;:&quot;&quot;,&quot;size&quot;:&quot;&quot;},&quot;jet_parallax_layout_image_mobile&quot;:{&quot;url&quot;:&quot;&quot;,&quot;id&quot;:&quot;&quot;,&quot;size&quot;:&quot;&quot;},&quot;jet_parallax_layout_speed&quot;:{&quot;unit&quot;:&quot;%&quot;,&quot;size&quot;:50,&quot;sizes&quot;:[]},&quot;jet_parallax_layout_type&quot;:&quot;scroll&quot;,&quot;jet_parallax_layout_direction&quot;:&quot;1&quot;,&quot;jet_parallax_layout_fx_direction&quot;:null,&quot;jet_parallax_layout_z_index&quot;:&quot;&quot;,&quot;jet_parallax_layout_bg_x&quot;:50,&quot;jet_parallax_layout_bg_x_tablet&quot;:&quot;&quot;,&quot;jet_parallax_layout_bg_x_mobile&quot;:&quot;&quot;,&quot;jet_parallax_layout_bg_y&quot;:50,&quot;jet_parallax_layout_bg_y_tablet&quot;:&quot;&quot;,&quot;jet_parallax_layout_bg_y_mobile&quot;:&quot;&quot;,&quot;jet_parallax_layout_bg_size&quot;:&quot;auto&quot;,&quot;jet_parallax_layout_bg_size_tablet&quot;:&quot;&quot;,&quot;jet_parallax_layout_bg_size_mobile&quot;:&quot;&quot;,&quot;jet_parallax_layout_animation_prop&quot;:&quot;transform&quot;,&quot;jet_parallax_layout_on&quot;:[&quot;desktop&quot;,&quot;tablet&quot;]}],&quot;stretch_section&quot;:&quot;section-stretched&quot;,&quot;background_background&quot;:&quot;gradient&quot;}\">\n\t\t\t\t\t\t\t<div class=\"elementor-background-overlay\"><\/div>\n\t\t\t\t\t\t\t<div class=\"elementor-container elementor-column-gap-no\">\n\t\t\t\t\t<div class=\"elementor-column elementor-col-50 elementor-top-column elementor-element elementor-element-69ccc86\" data-id=\"69ccc86\" data-element_type=\"column\" data-e-type=\"column\">\n\t\t\t<div class=\"elementor-widget-wrap elementor-element-populated\">\n\t\t\t\t\t\t<div class=\"elementor-element elementor-element-11b0526 elementor-invisible elementor-widget elementor-widget-heading\" data-id=\"11b0526\" data-element_type=\"widget\" data-e-type=\"widget\" data-settings=\"{&quot;_animation&quot;:&quot;fadeIn&quot;}\" data-widget_type=\"heading.default\">\n\t\t\t\t<div class=\"elementor-widget-container\">\n\t\t\t\t\t<h1 class=\"elementor-heading-title elementor-size-default\">Confidentialit\u00e9<\/h1>\t\t\t\t<\/div>\n\t\t\t\t<\/div>\n\t\t\t\t<div data-dce-title-color=\"#FFFFFF\" class=\"elementor-element elementor-element-f1bb631 elementor-invisible elementor-widget elementor-widget-heading\" data-id=\"f1bb631\" data-element_type=\"widget\" data-e-type=\"widget\" data-settings=\"{&quot;_animation&quot;:&quot;fadeIn&quot;}\" data-widget_type=\"heading.default\">\n\t\t\t\t<div class=\"elementor-widget-container\">\n\t\t\t\t\t<h2 class=\"elementor-heading-title elementor-size-default\">Politique de confidentialit\u00e9 de l\u2019ACSCBMF<\/h2>\t\t\t\t<\/div>\n\t\t\t\t<\/div>\n\t\t\t\t\t<\/div>\n\t\t<\/div>\n\t\t\t\t<div class=\"elementor-column elementor-col-50 elementor-top-column elementor-element elementor-element-6560290 elementor-hidden-mobile\" data-id=\"6560290\" data-element_type=\"column\" data-e-type=\"column\">\n\t\t\t<div class=\"elementor-widget-wrap\">\n\t\t\t\t\t\t\t<\/div>\n\t\t<\/div>\n\t\t\t\t\t<\/div>\n\t\t<\/section>\n\t\t\t\t<section class=\"elementor-section elementor-top-section elementor-element elementor-element-d37cd17 elementor-section-boxed elementor-section-height-default elementor-section-height-default\" data-id=\"d37cd17\" data-element_type=\"section\" data-e-type=\"section\" data-settings=\"{&quot;jet_parallax_layout_list&quot;:[{&quot;jet_parallax_layout_image&quot;:{&quot;url&quot;:&quot;&quot;,&quot;id&quot;:&quot;&quot;,&quot;size&quot;:&quot;&quot;},&quot;_id&quot;:&quot;dcafef4&quot;,&quot;jet_parallax_layout_image_tablet&quot;:{&quot;url&quot;:&quot;&quot;,&quot;id&quot;:&quot;&quot;,&quot;size&quot;:&quot;&quot;},&quot;jet_parallax_layout_image_mobile&quot;:{&quot;url&quot;:&quot;&quot;,&quot;id&quot;:&quot;&quot;,&quot;size&quot;:&quot;&quot;},&quot;jet_parallax_layout_speed&quot;:{&quot;unit&quot;:&quot;%&quot;,&quot;size&quot;:50,&quot;sizes&quot;:[]},&quot;jet_parallax_layout_type&quot;:&quot;scroll&quot;,&quot;jet_parallax_layout_direction&quot;:&quot;1&quot;,&quot;jet_parallax_layout_fx_direction&quot;:null,&quot;jet_parallax_layout_z_index&quot;:&quot;&quot;,&quot;jet_parallax_layout_bg_x&quot;:50,&quot;jet_parallax_layout_bg_x_tablet&quot;:&quot;&quot;,&quot;jet_parallax_layout_bg_x_mobile&quot;:&quot;&quot;,&quot;jet_parallax_layout_bg_y&quot;:50,&quot;jet_parallax_layout_bg_y_tablet&quot;:&quot;&quot;,&quot;jet_parallax_layout_bg_y_mobile&quot;:&quot;&quot;,&quot;jet_parallax_layout_bg_size&quot;:&quot;auto&quot;,&quot;jet_parallax_layout_bg_size_tablet&quot;:&quot;&quot;,&quot;jet_parallax_layout_bg_size_mobile&quot;:&quot;&quot;,&quot;jet_parallax_layout_animation_prop&quot;:&quot;transform&quot;,&quot;jet_parallax_layout_on&quot;:[&quot;desktop&quot;,&quot;tablet&quot;]}]}\">\n\t\t\t\t\t\t<div class=\"elementor-container elementor-column-gap-default\">\n\t\t\t\t\t<div class=\"elementor-column elementor-col-100 elementor-top-column elementor-element elementor-element-1550077\" data-id=\"1550077\" data-element_type=\"column\" data-e-type=\"column\">\n\t\t\t<div class=\"elementor-widget-wrap elementor-element-populated\">\n\t\t\t\t\t\t<div class=\"elementor-element elementor-element-06c6b18 elementor-invisible elementor-widget elementor-widget-text-editor\" data-id=\"06c6b18\" data-element_type=\"widget\" data-e-type=\"widget\" data-settings=\"{&quot;_animation&quot;:&quot;fadeIn&quot;}\" data-widget_type=\"text-editor.default\">\n\t\t\t\t<div class=\"elementor-widget-container\">\n\t\t\t\t\t\t\t\t\t<p><b>Politique de confidentialit\u00e9 de l\u2019ACSCBMF<\/b><\/p>\n<p>L\u2019Association canadienne des sp\u00e9cialistes en chirurgie buccale et maxillo-faciale (ACSCBMF) reconna\u00eet l\u2019importance de prot\u00e9ger la confidentialit\u00e9 des renseignements personnels. Lorsque vous consultez notre site Web, la confidentialit\u00e9 de vos renseignements personnels est prot\u00e9g\u00e9e.\u2028Nous ne recueillons pas vos renseignements personnels \u00e0 moins que vous ayez choisi de nous les fournir. C\u2019est le cas, par exemple, lorsque vous nous transmettez vos coordonn\u00e9es dans le but de vous inscrire comme membre, de faire un don ou de faire un paiement, ou lorsque vous nous envoyez un courriel dans lequel vous nous fournissez de plein gr\u00e9 votre nom et vos coordonn\u00e9es. Les renseignements personnels des visiteurs de notre site qui ont \u00e9t\u00e9 fournis de plein gr\u00e9 \u00e0 l\u2019ACSCBMF ne parviendront qu\u2019au personnel de l\u2019Association, qui a besoin de cette information pour traiter des paiements, inscrire de nouveaux membres ou r\u00e9pondre \u00e0 des requ\u00eates. Nous n\u2019utilisons cette information dans aucun autre but. Nous prot\u00e9geons tous les renseignements personnels sous notre garde au moyen de dispositifs de s\u00e9curit\u00e9 imposants comprenant des contr\u00f4les d\u2019acc\u00e8s stricts. Nous pourrions utiliser l\u2019information de votre adresse Internet pour vous identifier personnellement dans le but de faire respecter des droits ou lorsque la loi l\u2019exige. Notre site Web est h\u00e9berg\u00e9 sur des serveurs qui appartiennent et dont la gestion incombe \u00e0 un tiers. La loi applicable prot\u00e8ge toute information personnelle recueillie en notre nom. Nos serveurs enregistrent automatiquement l\u2019information relative aux visites effectu\u00e9es sur notre site Web dans le but d\u2019\u00e9tablir et de maintenir des connexions Web. Les journaux de nos serveurs enregistrent des donn\u00e9es statistiques telles que l\u2019heure et la dur\u00e9e de chaque visite, les pages demand\u00e9es et le type de navigateur. Ces statistiques sont rapport\u00e9es sous forme agr\u00e9g\u00e9e \u00e0 notre personnel de communication. Cette information ne vous identifie pas personnellement. Nous ne relions pas l\u2019information des journaux de nos serveurs \u00e0 quelque autre donn\u00e9e que ce soit d\u2019une mani\u00e8re qui pourrait permettre d\u2019identifier des visiteurs en particulier. Cette information de suivi n\u2019est utilis\u00e9e par aucune autre organisation. Notre site n\u2019utilise pas de t\u00e9moins. Les t\u00e9moins sont de petits fichiers-textes qui sont souvent utilis\u00e9s sur des sites Web afin de suivre votre fureteur lorsque vous naviguez sur ces sites. D\u2019autres sites vers lesquels nous fournissons des liens pourraient \u00eatre r\u00e9gis par des politiques diff\u00e9rentes. L\u2019ACSCBMF n\u2019est pas responsable des pratiques informationnelles de ces autres sites Web. Nous encourageons fortement tous les visiteurs de sites Web \u00e0 examiner les politiques de confidentialit\u00e9 et les d\u00e9clarations fournies sur les sites Web consult\u00e9s.<br><br><\/p>\n<p><\/p>\n<p><b>Clause de non-responsabilit\u00e9<\/b><\/p>\n<p>Bien que nous nous efforcions de nous assurer que toute l\u2019information affich\u00e9e sur notre site Web soit exacte et compl\u00e8te, nous ne pouvons garantir que tel est le cas et d\u00e9clinons toute responsabilit\u00e9 ou obligation en mati\u00e8re d\u2019exactitude ou d\u2019exhaustivit\u00e9. Nous nous r\u00e9servons le droit de mettre \u00e0 jour l\u2019information selon les besoins et sans pr\u00e9avis. Nous vous invitons \u00e0 visiter r\u00e9guli\u00e8rement notre site Web pour consulter les mises \u00e0 jour. Dans le cas d\u2019une divergence entre l\u2019information affich\u00e9e sur notre site Web et la version papier originale, la version papier originale pr\u00e9vaut. Comme ce site Web a un but exclusivement informatif, vous devriez obtenir des conseils appropri\u00e9s de la part de ressources qualifi\u00e9es avant d\u2019agir ou de vous abstenir d\u2019agir sur la base de cette information.<\/p>\t\t\t\t\t\t\t\t<\/div>\n\t\t\t\t<\/div>\n\t\t\t\t\t<\/div>\n\t\t<\/div>\n\t\t\t\t\t<\/div>\n\t\t<\/section>\n\t\t\t\t<\/div>\n\t\t","protected":false},"excerpt":{"rendered":"<p>Confidentialit\u00e9 Politique de confidentialit\u00e9 de l\u2019ACSCBMF Politique de confidentialit\u00e9 de l\u2019ACSCBMF L\u2019Association canadienne des sp\u00e9cialistes en chirurgie buccale et maxillo-faciale (ACSCBMF) reconna\u00eet l\u2019importance de prot\u00e9ger la confidentialit\u00e9 des renseignements personnels. Lorsque vous consultez notre site Web, la confidentialit\u00e9 de vos renseignements personnels est prot\u00e9g\u00e9e.\u2028Nous ne recueillons pas vos renseignements personnels \u00e0 moins que vous ayez [&hellip;]<\/p>\n","protected":false},"author":3,"featured_media":10008,"parent":0,"menu_order":0,"comment_status":"closed","ping_status":"closed","template":"","meta":{"_acf_changed":false,"footnotes":""},"class_list":["post-11685","page","type-page","status-publish","has-post-thumbnail","hentry"],"acf":[],"yoast_head":"<!-- This site is optimized with the Yoast SEO plugin v27.2 - https:\/\/yoast.com\/product\/yoast-seo-wordpress\/ -->\n<title>Confidentialit\u00e9 - Canadian Association of Oral and Maxillofacial Surgeons<\/title>\n<meta name=\"robots\" content=\"index, follow, max-snippet:-1, max-image-preview:large, max-video-preview:-1\" \/>\n<link rel=\"canonical\" href=\"https:\/\/www.caoms.com\/fr\/confidentialite\/\" \/>\n<meta property=\"og:locale\" content=\"fr_FR\" \/>\n<meta property=\"og:type\" content=\"article\" \/>\n<meta property=\"og:title\" content=\"Confidentialit\u00e9 - Canadian Association of Oral and Maxillofacial Surgeons\" \/>\n<meta property=\"og:description\" content=\"Confidentialit\u00e9 Politique de confidentialit\u00e9 de l\u2019ACSCBMF Politique de confidentialit\u00e9 de l\u2019ACSCBMF L\u2019Association canadienne des sp\u00e9cialistes en chirurgie buccale et maxillo-faciale (ACSCBMF) reconna\u00eet l\u2019importance de prot\u00e9ger la confidentialit\u00e9 des renseignements personnels. Lorsque vous consultez notre site Web, la confidentialit\u00e9 de vos renseignements personnels est prot\u00e9g\u00e9e.\u2028Nous ne recueillons pas vos renseignements personnels \u00e0 moins que vous ayez [&hellip;]\" \/>\n<meta property=\"og:url\" content=\"https:\/\/www.caoms.com\/fr\/confidentialite\/\" \/>\n<meta property=\"og:site_name\" content=\"Canadian Association of Oral and Maxillofacial Surgeons\" \/>\n<meta property=\"article:modified_time\" content=\"2021-09-27T13:42:15+00:00\" \/>\n<meta property=\"og:image\" content=\"https:\/\/www.caoms.com\/wp-content\/uploads\/2021\/07\/CAOMS-Home.jpg\" \/>\n\t<meta property=\"og:image:width\" content=\"2500\" \/>\n\t<meta property=\"og:image:height\" content=\"1000\" \/>\n\t<meta property=\"og:image:type\" content=\"image\/jpeg\" \/>\n<meta name=\"twitter:card\" content=\"summary_large_image\" \/>\n<meta name=\"twitter:label1\" content=\"Dur\u00e9e de lecture estim\u00e9e\" \/>\n\t<meta name=\"twitter:data1\" content=\"3 minutes\" \/>\n<script type=\"application\/ld+json\" class=\"yoast-schema-graph\">{\"@context\":\"https:\/\/schema.org\",\"@graph\":[{\"@type\":\"WebPage\",\"@id\":\"https:\/\/www.caoms.com\/fr\/confidentialite\/\",\"url\":\"https:\/\/www.caoms.com\/fr\/confidentialite\/\",\"name\":\"Confidentialit\u00e9 - Canadian Association of Oral and Maxillofacial Surgeons\",\"isPartOf\":{\"@id\":\"https:\/\/www.caoms.com\/fr\/#website\"},\"primaryImageOfPage\":{\"@id\":\"https:\/\/www.caoms.com\/fr\/confidentialite\/#primaryimage\"},\"image\":{\"@id\":\"https:\/\/www.caoms.com\/fr\/confidentialite\/#primaryimage\"},\"thumbnailUrl\":\"https:\/\/www.caoms.com\/wp-content\/uploads\/2021\/07\/CAOMS-Home.jpg\",\"datePublished\":\"2021-09-24T17:05:22+00:00\",\"dateModified\":\"2021-09-27T13:42:15+00:00\",\"breadcrumb\":{\"@id\":\"https:\/\/www.caoms.com\/fr\/confidentialite\/#breadcrumb\"},\"inLanguage\":\"fr-FR\",\"potentialAction\":[{\"@type\":\"ReadAction\",\"target\":[\"https:\/\/www.caoms.com\/fr\/confidentialite\/\"]}]},{\"@type\":\"ImageObject\",\"inLanguage\":\"fr-FR\",\"@id\":\"https:\/\/www.caoms.com\/fr\/confidentialite\/#primaryimage\",\"url\":\"https:\/\/www.caoms.com\/wp-content\/uploads\/2021\/07\/CAOMS-Home.jpg\",\"contentUrl\":\"https:\/\/www.caoms.com\/wp-content\/uploads\/2021\/07\/CAOMS-Home.jpg\",\"width\":2500,\"height\":1000},{\"@type\":\"BreadcrumbList\",\"@id\":\"https:\/\/www.caoms.com\/fr\/confidentialite\/#breadcrumb\",\"itemListElement\":[{\"@type\":\"ListItem\",\"position\":1,\"name\":\"Home\",\"item\":\"https:\/\/www.caoms.com\/fr\/\"},{\"@type\":\"ListItem\",\"position\":2,\"name\":\"Confidentialit\u00e9\"}]},{\"@type\":\"WebSite\",\"@id\":\"https:\/\/www.caoms.com\/fr\/#website\",\"url\":\"https:\/\/www.caoms.com\/fr\/\",\"name\":\"Canadian Association of Oral and Maxillofacial Surgeons\",\"description\":\"\",\"potentialAction\":[{\"@type\":\"SearchAction\",\"target\":{\"@type\":\"EntryPoint\",\"urlTemplate\":\"https:\/\/www.caoms.com\/fr\/?s={search_term_string}\"},\"query-input\":{\"@type\":\"PropertyValueSpecification\",\"valueRequired\":true,\"valueName\":\"search_term_string\"}}],\"inLanguage\":\"fr-FR\"}]}<\/script>\n<!-- \/ Yoast SEO plugin. -->","yoast_head_json":{"title":"Confidentialit\u00e9 - Canadian Association of Oral and Maxillofacial Surgeons","robots":{"index":"index","follow":"follow","max-snippet":"max-snippet:-1","max-image-preview":"max-image-preview:large","max-video-preview":"max-video-preview:-1"},"canonical":"https:\/\/www.caoms.com\/fr\/confidentialite\/","og_locale":"fr_FR","og_type":"article","og_title":"Confidentialit\u00e9 - Canadian Association of Oral and Maxillofacial Surgeons","og_description":"Confidentialit\u00e9 Politique de confidentialit\u00e9 de l\u2019ACSCBMF Politique de confidentialit\u00e9 de l\u2019ACSCBMF L\u2019Association canadienne des sp\u00e9cialistes en chirurgie buccale et maxillo-faciale (ACSCBMF) reconna\u00eet l\u2019importance de prot\u00e9ger la confidentialit\u00e9 des renseignements personnels. Lorsque vous consultez notre site Web, la confidentialit\u00e9 de vos renseignements personnels est prot\u00e9g\u00e9e.\u2028Nous ne recueillons pas vos renseignements personnels \u00e0 moins que vous ayez [&hellip;]","og_url":"https:\/\/www.caoms.com\/fr\/confidentialite\/","og_site_name":"Canadian Association of Oral and Maxillofacial Surgeons","article_modified_time":"2021-09-27T13:42:15+00:00","og_image":[{"width":2500,"height":1000,"url":"https:\/\/www.caoms.com\/wp-content\/uploads\/2021\/07\/CAOMS-Home.jpg","type":"image\/jpeg"}],"twitter_card":"summary_large_image","twitter_misc":{"Dur\u00e9e de lecture estim\u00e9e":"3 minutes"},"schema":{"@context":"https:\/\/schema.org","@graph":[{"@type":"WebPage","@id":"https:\/\/www.caoms.com\/fr\/confidentialite\/","url":"https:\/\/www.caoms.com\/fr\/confidentialite\/","name":"Confidentialit\u00e9 - Canadian Association of Oral and Maxillofacial Surgeons","isPartOf":{"@id":"https:\/\/www.caoms.com\/fr\/#website"},"primaryImageOfPage":{"@id":"https:\/\/www.caoms.com\/fr\/confidentialite\/#primaryimage"},"image":{"@id":"https:\/\/www.caoms.com\/fr\/confidentialite\/#primaryimage"},"thumbnailUrl":"https:\/\/www.caoms.com\/wp-content\/uploads\/2021\/07\/CAOMS-Home.jpg","datePublished":"2021-09-24T17:05:22+00:00","dateModified":"2021-09-27T13:42:15+00:00","breadcrumb":{"@id":"https:\/\/www.caoms.com\/fr\/confidentialite\/#breadcrumb"},"inLanguage":"fr-FR","potentialAction":[{"@type":"ReadAction","target":["https:\/\/www.caoms.com\/fr\/confidentialite\/"]}]},{"@type":"ImageObject","inLanguage":"fr-FR","@id":"https:\/\/www.caoms.com\/fr\/confidentialite\/#primaryimage","url":"https:\/\/www.caoms.com\/wp-content\/uploads\/2021\/07\/CAOMS-Home.jpg","contentUrl":"https:\/\/www.caoms.com\/wp-content\/uploads\/2021\/07\/CAOMS-Home.jpg","width":2500,"height":1000},{"@type":"BreadcrumbList","@id":"https:\/\/www.caoms.com\/fr\/confidentialite\/#breadcrumb","itemListElement":[{"@type":"ListItem","position":1,"name":"Home","item":"https:\/\/www.caoms.com\/fr\/"},{"@type":"ListItem","position":2,"name":"Confidentialit\u00e9"}]},{"@type":"WebSite","@id":"https:\/\/www.caoms.com\/fr\/#website","url":"https:\/\/www.caoms.com\/fr\/","name":"Canadian Association of Oral and Maxillofacial Surgeons","description":"","potentialAction":[{"@type":"SearchAction","target":{"@type":"EntryPoint","urlTemplate":"https:\/\/www.caoms.com\/fr\/?s={search_term_string}"},"query-input":{"@type":"PropertyValueSpecification","valueRequired":true,"valueName":"search_term_string"}}],"inLanguage":"fr-FR"}]}},"_links":{"self":[{"href":"https:\/\/www.caoms.com\/fr\/wp-json\/wp\/v2\/pages\/11685","targetHints":{"allow":["GET"]}}],"collection":[{"href":"https:\/\/www.caoms.com\/fr\/wp-json\/wp\/v2\/pages"}],"about":[{"href":"https:\/\/www.caoms.com\/fr\/wp-json\/wp\/v2\/types\/page"}],"author":[{"embeddable":true,"href":"https:\/\/www.caoms.com\/fr\/wp-json\/wp\/v2\/users\/3"}],"replies":[{"embeddable":true,"href":"https:\/\/www.caoms.com\/fr\/wp-json\/wp\/v2\/comments?post=11685"}],"version-history":[{"count":0,"href":"https:\/\/www.caoms.com\/fr\/wp-json\/wp\/v2\/pages\/11685\/revisions"}],"wp:featuredmedia":[{"embeddable":true,"href":"https:\/\/www.caoms.com\/fr\/wp-json\/wp\/v2\/media\/10008"}],"wp:attachment":[{"href":"https:\/\/www.caoms.com\/fr\/wp-json\/wp\/v2\/media?parent=11685"}],"curies":[{"name":"wp","href":"https:\/\/api.w.org\/{rel}","templated":true}]}}